{"id":636,"date":"2026-01-27T17:47:34","date_gmt":"2026-01-27T17:47:34","guid":{"rendered":"https:\/\/brasfutebol.com\/apostas\/?page_id=636"},"modified":"2026-01-27T17:50:02","modified_gmt":"2026-01-27T17:50:02","slug":"o-que-sao-odds","status":"publish","type":"page","link":"https:\/\/brasfutebol.com\/apostas\/o-que-sao-odds\/","title":{"rendered":"O que s\u00e3o odds nas apostas esportivas? Entenda como funcionam"},"content":{"rendered":"<h1><strong>Odds, o que s\u00e3o e como funcionam nas apostas esportivas?<\/strong><\/h1>\n<p><img loading=\"lazy\" decoding=\"async\" class=\"aligncenter size-large wp-image-638\" src=\"https:\/\/brasfutebol.com\/apostas\/wp-content\/uploads\/2026\/01\/betting-odds-1024x539.jpg\" alt=\"que s\u00e3o odds nas apostas esportivas\" width=\"1024\" height=\"539\" srcset=\"https:\/\/brasfutebol.com\/apostas\/wp-content\/uploads\/2026\/01\/betting-odds-1024x539.jpg 1024w, https:\/\/brasfutebol.com\/apostas\/wp-content\/uploads\/2026\/01\/betting-odds-300x158.jpg 300w, https:\/\/brasfutebol.com\/apostas\/wp-content\/uploads\/2026\/01\/betting-odds-768x404.jpg 768w, https:\/\/brasfutebol.com\/apostas\/wp-content\/uploads\/2026\/01\/betting-odds-1536x808.jpg 1536w, https:\/\/brasfutebol.com\/apostas\/wp-content\/uploads\/2026\/01\/betting-odds-110x58.jpg 110w, https:\/\/brasfutebol.com\/apostas\/wp-content\/uploads\/2026\/01\/betting-odds-1180x621.jpg 1180w, https:\/\/brasfutebol.com\/apostas\/wp-content\/uploads\/2026\/01\/betting-odds-575x302.jpg 575w, https:\/\/brasfutebol.com\/apostas\/wp-content\/uploads\/2026\/01\/betting-odds.jpg 2000w\" sizes=\"auto, (max-width: 1024px) 100vw, 1024px\" \/><\/p>\n<p><strong>Logo que uma pessoa ingressa no mundo das apostas esportivas depara-se com um conceito dos mais fundamentais no setor: o das odds. Afinal, o que s\u00e3o e qual seu papel nas atividades de uma casa de apostas? Muitos iniciantes n\u00e3o compreendem o que significam, por isso explicaremos neste texto.<\/strong><\/p>\n<p>O papel das odds (cota\u00e7\u00f5es) n\u00e3o \u00e9 levar certeza a um evento ou prever com exatid\u00e3o o resultado de uma partida de futebol, por exemplo. De fato, trata-se de uma representa\u00e7\u00e3o das probabilidades envolvidas no jogo. Al\u00e9m disso, baseia-se tanto em valores esportivos, quanto estat\u00edsticos.<\/p>\n<p>Compreenda o que s\u00e3o e como interpretar as odds e as chances de sucesso e melhor entretenimento com apostas ser\u00e3o bem maiores. Nada de promessas mirabolantes. Aqui informamos a voc\u00ea do que se trata de maneira educativa.<\/p>\n<h2><strong>Explicando as odds em apostas esportivas<\/strong><\/h2>\n<p>Quanto maior for a chance de algo ocorrer, menores s\u00e3o as odds para um evento esportivo. Por outro lado, fatos considerados menos prov\u00e1veis de acontecer costumam ter odds mais altas.<\/p>\n<p>Uma casa de apostas faz, com base em dados, an\u00e1lises e estat\u00edsticas, uma avalia\u00e7\u00e3o, que \u00e9 transformada em n\u00fameros, que indicam como o mercado &#8220;v\u00ea&#8221; um determinado evento. S\u00e3o uma ferramenta muito boa para orientar os apostadores.<\/p>\n<h2><strong>Para que servem, ent\u00e3o, as odds?<\/strong><\/h2>\n<p>S\u00e3o, principalmente, duas as fun\u00e7\u00f5es das odds em operadoras de apostas esportivas. Primeiramente, informam o cliente a respeito da percep\u00e7\u00e3o da probabilidade de um evento. Al\u00e9m disso, definem qual o potencial retorno que pode ser associado ao cen\u00e1rio em an\u00e1lise. Contudo, nunca devem ser vistas como recomenda\u00e7\u00f5es, pois apenas refletem aspectos estat\u00edsticos e mercadol\u00f3gicos do que pode acontecer em uma partida, por exemplo, de futebol.<\/p>\n<h2><strong>Qual a rela\u00e7\u00e3o entre odds e probabilidade?<\/strong><\/h2>\n<p>Obviamente, h\u00e1 uma rela\u00e7\u00e3o direta entre os dois conceitos, Para simplificar, cota\u00e7\u00f5es mais baixas demonstram que um evento \u00e9 considerado prov\u00e1vel de acontecer. Por outro lado, odds altas demonstram um resultado menos esperado.<\/p>\n<p>N\u00e3o se trata, entretanto, de algo absoluto. Afinal, as odds sempre s\u00e3o ajustadas para equilibrar o mercado, e nisso \u00e9 levado em conta o volume de apostas, o comportamento dos clientes e fatores externos. Neste \u00faltimo aspecto entram, por exemplo, mudan\u00e7as de \u00faltima hora nas escala\u00e7\u00f5es das equipes ou outros fatos inesperados.<\/p>\n<p>Dessa forma, para interpretar as odds \u00e9 fundamental ter cuidado e saber o contexto em que se inserem as cota\u00e7\u00f5es. O esporte n\u00e3o \u00e9 uma ci\u00eancia exata e muitos fatores devem ser levados em conta.<\/p>\n<h2><strong>As odds mais utilizadas: formatos<\/strong><\/h2>\n<h3><strong>Decimais<\/strong><\/h3>\n<p>Esse \u00e9 o formato mais comum no mercado brasileiro de apostas. Estas odds indicam o retorno total de uma aposta, incluindo o retorno do valor investido. S\u00e3o as mais usadas por causa de sua simplicidade nas plataformas mais acessadas pelos clientes em nosso Pa\u00eds.<\/p>\n<h3><strong>Fracion\u00e1rias<\/strong><\/h3>\n<p>Tradicionais em alguns mercados no exterior. Estas odds demonstram a rela\u00e7\u00e3o entre o lucro poss\u00edvel e montante da aposta. S\u00e3o comuns em torneios europeus, por exemplo.<\/p>\n<h3><strong>Americanas<\/strong><\/h3>\n<p>Usam valores negativos e positivos quando indicam os favoritos e azar\u00f5es de um determinado evento. N\u00e3o s\u00e3o muito comuns no Brasil, mas est\u00e3o presentes em algumas modalidades esportivas.<\/p>\n<p>Independentemente do formato das odds, o que est\u00e1 por tr\u00e1s deste sistema \u00e9 sempre a mesma coisa: representa\u00e7\u00e3o de probabilidades numericamente.<\/p>\n<h2><strong>Odds no futebol: interpreta\u00e7\u00e3o<\/strong><\/h2>\n<p>Esporte mais popular do planeta, no futebol as odds s\u00e3o influenciadas por muitos fatores. Entre estes est\u00e3o, por exemplo, hist\u00f3rico dos confrontos, mando de campo da partida, calend\u00e1rio, performance recente das equipes e muito mais.<\/p>\n<p>Tamb\u00e9m existe varia\u00e7\u00e3o quando se leva em conta o mercado da escolha do cliente, incluindo o resultado final, gols e muito mais, pois as varia\u00e7\u00f5es s\u00e3o muito extensas nas apostas em jogos de futebol.<\/p>\n<p>Lembre-se; n\u00e3o se deve levar em conta apenas o que ocorre dentro das quatro linhas. O comportamento do mercado e o fluxo de palpites por parte dos clientes tamb\u00e9m contam muito quando o assunto \u00e9 odds.<\/p>\n<h2><strong>As odds mudam com tempo<\/strong><\/h2>\n<p>Este \u00e9 um fato que deve ficar muito claro para o usu\u00e1rio: as odds podem mudar antes e no decorrer de um evento. Por que isso? A explica\u00e7\u00e3o \u00e9 que muitas novidades podem surgir, tais como altera\u00e7\u00f5es t\u00e1ticas, contus\u00f5es de atletas e outros eventos.<\/p>\n<p>No caso das apostas ao vivo, a frequ\u00eancia das mudan\u00e7as pode ser ainda mais intensa, pois a partida pode evoluir muito com o tempo. Em 90 minutos um jogo de futebol, por exemplo, pode ter muitas alternativas.<\/p>\n<h2><strong>Existem riscos nas odds?<\/strong><\/h2>\n<p>Sim. Da mesma maneira em que ocorre em qualquer elemento no universo das apostas esportivas, as odds est\u00e3o diretamente ligadas ao risco. Lembre-se que as cota\u00e7\u00f5es mais altas n\u00e3o significam melhores oportunidades.<\/p>\n<p>Por outro lado, odds mais baixas n\u00e3o asseguram uma maior seguran\u00e7a. Interpretar odds sem compreender o contexto esportivo pode levar a decis\u00f5es equivocadas.<\/p>\n<p>Por isso, refor\u00e7amos, as odds devem ser consideradas ferramentas de leitura, e n\u00e3o garantias de resultado.<\/p>\n<h2><strong>Diferen\u00e7a entre odds e outros conceitos no universo das apostas esportivas<\/strong><\/h2>\n<p>Tudo, de uma maneira ou outra, est\u00e1 interligado nas apostas esportivas. Por isso, as odds est\u00e3o sim relacionadas a conceitos como handicap, mercados alternativos e modalidades de apostas. Por\u00e9m, cada um destes itens tem uma fun\u00e7\u00e3o diferente na an\u00e1lise de um evento.<\/p>\n<p>Compreender as odds \u00e9 algo essencial para que os clientes, em especial os iniciantes, possam entender alguns conceitos mais avan\u00e7ados nas plataformas. Entretanto, isto jamais substituir\u00e1 a necessidade de um entendimento de outros fatores em jogo.<\/p>\n<h2><strong>O que o usu\u00e1rio deve considerar em rela\u00e7\u00e3o \u00e0s odds?<\/strong><\/h2>\n<p>&#8211; entenda o formato da odd;<\/p>\n<p>&#8211; fa\u00e7a uma an\u00e1lise do contexto esportivo<\/p>\n<p>&#8211; saiba que as odds representam estimativas de probabilidades, nunca certezas<\/p>\n<p>&#8211; respeite seus pr\u00f3prios limites pessoais e considere as apostas como um entretenimento<\/p>\n<h2><span lang=\"PT-BR\">Odds como ferramenta de leitura, n\u00e3o como garantia<\/span><\/h2>\n<p data-start=\"969\" data-end=\"1263\">\u00c9 inquestion\u00e1vel que as odds ocupam um papel central nas apostas esportivas, mas n\u00e3o devem ser interpretadas como previs\u00f5es exatas ou garantias de resultado. Elas existem para representar probabilidades e s\u00e3o constru\u00eddas a partir de dados esportivos, estat\u00edsticos e do comportamento do mercado.<\/p>\n<p data-start=\"1265\" data-end=\"1550\">Por isso, compreender o funcionamento das odds ajuda o usu\u00e1rio a ter uma leitura mais clara do cen\u00e1rio, mas nunca substitui a an\u00e1lise do contexto esportivo nem elimina os riscos envolvidos. Apostar deve ser encarado como uma forma de entretenimento, e n\u00e3o como uma promessa de retorno.<\/p>\n<p data-start=\"1552\" data-end=\"1806\">Nos pr\u00f3ximos guias, abordaremos outros conceitos fundamentais para quem deseja entender melhor o universo das apostas esportivas, sempre com foco educativo e respons\u00e1vel. Informa\u00e7\u00e3o e consci\u00eancia s\u00e3o elementos essenciais para uma experi\u00eancia equilibrada.<\/p>\n","protected":false},"excerpt":{"rendered":"<p>Odds, o que s\u00e3o e como funcionam nas apostas esportivas? Logo que uma pessoa ingressa no mundo das apostas esportivas depara-se com um conceito dos mais fundamentais no setor: o das odds. Afinal, o que s\u00e3o e qual seu papel nas atividades de uma casa de apostas? Muitos iniciantes n\u00e3o compreendem o que significam, por [&hellip;]<\/p>\n","protected":false},"author":1,"featured_media":0,"parent":0,"menu_order":0,"comment_status":"closed","ping_status":"closed","template":"","meta":{"footnotes":""},"class_list":["post-636","page","type-page","status-publish","hentry"],"aioseo_notices":[],"_links":{"self":[{"href":"https:\/\/brasfutebol.com\/apostas\/wp-json\/wp\/v2\/pages\/636","targetHints":{"allow":["GET"]}}],"collection":[{"href":"https:\/\/brasfutebol.com\/apostas\/wp-json\/wp\/v2\/pages"}],"about":[{"href":"https:\/\/brasfutebol.com\/apostas\/wp-json\/wp\/v2\/types\/page"}],"author":[{"embeddable":true,"href":"https:\/\/brasfutebol.com\/apostas\/wp-json\/wp\/v2\/users\/1"}],"replies":[{"embeddable":true,"href":"https:\/\/brasfutebol.com\/apostas\/wp-json\/wp\/v2\/comments?post=636"}],"version-history":[{"count":2,"href":"https:\/\/brasfutebol.com\/apostas\/wp-json\/wp\/v2\/pages\/636\/revisions"}],"predecessor-version":[{"id":639,"href":"https:\/\/brasfutebol.com\/apostas\/wp-json\/wp\/v2\/pages\/636\/revisions\/639"}],"wp:attachment":[{"href":"https:\/\/brasfutebol.com\/apostas\/wp-json\/wp\/v2\/media?parent=636"}],"curies":[{"name":"wp","href":"https:\/\/api.w.org\/{rel}","templated":true}]}}