{"id":677,"date":"2026-01-31T13:40:22","date_gmt":"2026-01-31T13:40:22","guid":{"rendered":"https:\/\/brasfutebol.com\/apostas\/?page_id=677"},"modified":"2026-01-31T13:42:05","modified_gmt":"2026-01-31T13:42:05","slug":"probabilidade-no-futebol","status":"publish","type":"page","link":"https:\/\/brasfutebol.com\/apostas\/probabilidade-no-futebol\/","title":{"rendered":"Probabilidade no futebol: por que o acaso faz parte do jogo"},"content":{"rendered":"<h1><strong>Probabilidades: quando o acaso \u00e9 parte do jogo<\/strong><\/h1>\n<p><strong>Um dos mais famosos ditados do esporte mais popular do planeta \u00e9 o seguinte: &#8220;o futebol \u00e9 uma caixinha de surpresas&#8221;. E parece que, de fato, essa \u00e9 uma grande verdade.<\/strong><\/p>\n<p>O esporte preferido dos brasileiros muitas vezes \u00e9 imprevis\u00edvel. Afinal, mesmo com an\u00e1lises t\u00e1ticas elaboradas sobre um confronto, estat\u00edsticas detalhadas e tudo o que se puder reunir sobre elencos, o futebol jamais \u00e9 algo totalmente previs\u00edvel.<\/p>\n<p>Por isso, entender a fun\u00e7\u00e3o das probabilidades no &#8220;esporte bret\u00e3o&#8221; pode ajudar na melhor interpreta\u00e7\u00e3o de jogos, odds (cota\u00e7\u00f5es) e, principalmente, como lidar conscientemente com as expectativas.<\/p>\n<h2><strong>Futebol n\u00e3o \u00e9 uma ci\u00eancia exata<\/strong><\/h2>\n<p>Poucos lances bastam para decidir uma partida de futebol, ao contr\u00e1rio do que acontece em esportes com s\u00e9ries longas de a\u00e7\u00f5es previs\u00edveis ou pontua\u00e7\u00e3o acumulativa, por exemplo.<\/p>\n<p>Um erro individual, a expuls\u00e3o de algum atleta ou um gol podem mudar tudo em um confronto que parecia decidido minutos antes. Isso pode mudar totalmente o rumo do jogo e sempre deve ser levado em conta.<\/p>\n<p>O que isso significa, na pr\u00e1tica? Basicamente, o seguinte:<\/p>\n<ul>\n<li>nem sempre uma equipe mais forte vence um jogo<\/li>\n<li>bons desempenhos de times e atletas n\u00e3o necessariamente se refletem no placar<\/li>\n<li>um resultado inesperado \u00e9 algo que faz parte da l\u00f3gica do futebol<\/li>\n<\/ul>\n<p>Portanto, lembre-se: no futebol, probabilidades t\u00eam a ver com cen\u00e1rios que s\u00e3o poss\u00edveis, n\u00e3o com certezas.<\/p>\n<h2><strong>O acaso nos jogos de futebol<\/strong><\/h2>\n<p>O acaso est\u00e1 presente em v\u00e1rios momentos de um evento futebol\u00edstico. Por exemplo, em:<\/p>\n<ul>\n<li>bolas jogadas na trave<\/li>\n<li>decis\u00f5es do \u00e1rbitro ou dos bandeirinhas<\/li>\n<li>desvios involunt\u00e1rios<\/li>\n<li>falhas pontuais<\/li>\n<li>Cansa\u00e7o ou desgaste emocional dos jogadores.<\/li>\n<\/ul>\n<p>Tais fatores com certeza n\u00e3o anulam a import\u00e2ncia da prepara\u00e7\u00e3o, por\u00e9m recordam sempre que o futebol tem fator muito natural de imprevisibilidade.<\/p>\n<h2><strong>Estat\u00edsticas ajudam, mas n\u00e3o determinam resultados<\/strong><\/h2>\n<p>Informa\u00e7\u00f5es estat\u00edsticas s\u00e3o ferramentas importantes para se &#8220;ler&#8221; um confronto no futebol em qualquer competi\u00e7\u00e3o.<\/p>\n<p>Afinal, itens como posse de bola, finaliza\u00e7\u00f5es, efici\u00eancia ofensiva e performance no setor defensivo podem ajudar a contextualizar jogos e mesmo temporadas.<\/p>\n<p>No entanto, estat\u00edsticas explicam tend\u00eancias, mas n\u00e3o s\u00e3o garantias, funcionam melhor em an\u00e1lises de longo prazo e sempre precisam ser interpretadas dentro do contexto do jogo. Uma boa leitura estat\u00edstica reduz incertezas, mas n\u00e3o elimina o risco.<\/p>\n<h2><strong>Probabilidade e expectativas do torcedor e do apostador<\/strong><\/h2>\n<p>Confundir probabilidades com algo certo e exato costuma gerar muitas frustra\u00e7\u00f5es para um apostador desavisado. Por mais prov\u00e1vel que seja, um evento no futebol pode n\u00e3o acontecer, e nisto n\u00e3o h\u00e1 nenhum erro de an\u00e1lise.<\/p>\n<p>Compreender a probabilidade em partidas de futebol significa que a pessoa precisa aceitar que:<\/p>\n<ul>\n<li>resultados fazem parte de uma distribui\u00e7\u00e3o de possibilidades<\/li>\n<li>o controle emocional tem tanta import\u00e2ncia quanto a informa\u00e7\u00e3o<\/li>\n<li>derrotas espor\u00e1dicas n\u00e3o devem invalidar as boas leituras<\/li>\n<\/ul>\n<h2>Como encarar a probabilidade de forma consciente<\/h2>\n<p>Considere sempre a probabilidade como uma ferramenta para que voc\u00ea possa ter melhor compreens\u00e3o de um jogo.<\/p>\n<p>N\u00e3o a veja como um instrumento para uma previs\u00e3o absoluta. Voc\u00ea precisa ser equilibrado em rela\u00e7\u00e3o ao risco e ao aspecto de incerteza de um jogo.<\/p>\n<p>Com este enfoque, sua rela\u00e7\u00e3o com as apostas esportivas, em especial no futebol, ser\u00e1 mais saud\u00e1vel e o entretenimento maior.<\/p>\n","protected":false},"excerpt":{"rendered":"<p>Probabilidades: quando o acaso \u00e9 parte do jogo Um dos mais famosos ditados do esporte mais popular do planeta \u00e9 o seguinte: &#8220;o futebol \u00e9 uma caixinha de surpresas&#8221;. E parece que, de fato, essa \u00e9 uma grande verdade. O esporte preferido dos brasileiros muitas vezes \u00e9 imprevis\u00edvel. Afinal, mesmo com an\u00e1lises t\u00e1ticas elaboradas sobre [&hellip;]<\/p>\n","protected":false},"author":1,"featured_media":0,"parent":0,"menu_order":0,"comment_status":"closed","ping_status":"closed","template":"","meta":{"footnotes":""},"class_list":["post-677","page","type-page","status-publish","hentry"],"aioseo_notices":[],"_links":{"self":[{"href":"https:\/\/brasfutebol.com\/apostas\/wp-json\/wp\/v2\/pages\/677","targetHints":{"allow":["GET"]}}],"collection":[{"href":"https:\/\/brasfutebol.com\/apostas\/wp-json\/wp\/v2\/pages"}],"about":[{"href":"https:\/\/brasfutebol.com\/apostas\/wp-json\/wp\/v2\/types\/page"}],"author":[{"embeddable":true,"href":"https:\/\/brasfutebol.com\/apostas\/wp-json\/wp\/v2\/users\/1"}],"replies":[{"embeddable":true,"href":"https:\/\/brasfutebol.com\/apostas\/wp-json\/wp\/v2\/comments?post=677"}],"version-history":[{"count":2,"href":"https:\/\/brasfutebol.com\/apostas\/wp-json\/wp\/v2\/pages\/677\/revisions"}],"predecessor-version":[{"id":684,"href":"https:\/\/brasfutebol.com\/apostas\/wp-json\/wp\/v2\/pages\/677\/revisions\/684"}],"wp:attachment":[{"href":"https:\/\/brasfutebol.com\/apostas\/wp-json\/wp\/v2\/media?parent=677"}],"curies":[{"name":"wp","href":"https:\/\/api.w.org\/{rel}","templated":true}]}}