{"id":686,"date":"2026-02-01T21:54:43","date_gmt":"2026-02-01T21:54:43","guid":{"rendered":"https:\/\/brasfutebol.com\/apostas\/?page_id=686"},"modified":"2026-02-01T21:54:43","modified_gmt":"2026-02-01T21:54:43","slug":"favorito-x-azarao","status":"publish","type":"page","link":"https:\/\/brasfutebol.com\/apostas\/favorito-x-azarao\/","title":{"rendered":"Favorito ou azar\u00e3o: afinal, o que estas palavras revelam sobre um jogo?"},"content":{"rendered":"<h1>Favorito ou azar\u00e3o: afinal, o que estas palavras revelam sobre um jogo?<\/h1>\n<p><strong>O futebol \u00e9 um esporte imprevis\u00edvel, mas pelo menos uma coisa muitas pessoas aparentemente sabem identificar: quem \u00e9 o favorito ou o &#8220;azar\u00e3o&#8221; de um confronto.<\/strong><\/p>\n<p>S\u00e3o r\u00f3tulos colocados por jornalistas, torcedores ou pelo mercado em equipes que participar\u00e3o de uma partida. Podem parecer exatos, mas cuidado! Nem sempre retratam a realidade do que ocorre dentro das quatro linhas.<\/p>\n<p>Por isso, compreender o que tais palavras significam no contexto do futebol vai ajudar a pessoa na interpreta\u00e7\u00e3o do evento e, acima de tudo, evitar decep\u00e7\u00f5es em termos de apostas. Nada de falsas expectativas! Apostar com consci\u00eancia \u00e9 fundamental.<\/p>\n<h2><strong>O que torna uma equipe favorita em um jogo?<\/strong><\/h2>\n<p>Entre os diversos fatores que tornam um time favorito num confronto est\u00e3o os seguintes:<\/p>\n<ul>\n<li>elenco superior tecnicamente<\/li>\n<li>melhor desempenho recente<\/li>\n<li>ter o mando de campo na partida<\/li>\n<li>retrospecto positivo no confronto<\/li>\n<li>maior poderio financeiro<\/li>\n<\/ul>\n<p>Tais itens certamente aumentam a chance de vit\u00f3ria de uma equipe, por\u00e9m n\u00e3o eliminam os riscos que naturalmente fazem parte de uma partida de futebol.<\/p>\n<h2><strong>Cuidado! Um &#8220;azar\u00e3o&#8221; nem sempre ser\u00e1 um advers\u00e1rio fr\u00e1gil<\/strong><\/h2>\n<p>Classificar um time como &#8220;azar\u00e3o&#8221; pode ser enganoso. Isso pode ser somente uma equipe com menores expectativas internas, mas que nem sempre \u00e9 inferior tecnicamente, por exemplo.<\/p>\n<p>Frequentemente, os azar\u00f5es apresentam as seguintes caracter\u00edsticas:<\/p>\n<ul>\n<li>atuam sob press\u00e3o menor<\/li>\n<li>t\u00eam estrat\u00e9gias de jogo menos reativas<\/li>\n<li>sabem como explorar os erros do advers\u00e1rio considerado favorito<\/li>\n<li>s\u00e3o muito concentrados, pois sabem de duas limita\u00e7\u00f5es e da for\u00e7a do advers\u00e1rio<\/li>\n<\/ul>\n<p>Isso deve servir de alerta para os apostadores e serve para explicar porque muitos resultados inesperados acontecem no futebol.<\/p>\n<h2><strong>Quando um favoritismo fica menor<\/strong><\/h2>\n<p>O favoritismo de uma equipe pode perder for\u00e7a, de acordo com alguns fatores que listamos abaixo:<\/p>\n<ul>\n<li>calend\u00e1rio intenso<\/li>\n<li>desfalques de peso dos favoritos<\/li>\n<li>mudan\u00e7as no elenco que ainda n\u00e3o foram bem assimiladas<\/li>\n<li>estilo de jogo<\/li>\n<li>contexto emocional de um confronto<\/li>\n<\/ul>\n<p>Por tudo isso, rotular uma equipe como favorita ou um azar\u00e3o frequentemente leva a frustra\u00e7\u00f5es, caso a interpreta\u00e7\u00e3o de uma partida seja feita de maneira apenas superficial.<\/p>\n<h2><strong>Favorito, azar\u00e3o e necessidade de se ler o contexto<\/strong><\/h2>\n<p>Mais importante que rotular a equipe como favorita, \u00e9 fundamental para a pessoa entender o porqu\u00ea de um time estar sendo classificado assim pela m\u00eddia ou comentaristas esportivos, por exemplo.<\/p>\n<p>Afinal, os argumentos fazem realmente sentido? Os dados estat\u00edsticos s\u00e3o mesmo confi\u00e1veis? Lembre-se que o futebol \u00e9 um esporte que dificilmente \u00e9 decidido somente pela &#8220;hierarquia&#8221; entre os clubes. O contexto do duelo \u00e9 relevante e pode mudar tudo em campo.<\/p>\n<h2><strong>Interpreta\u00e7\u00e3o equilibrada<\/strong><\/h2>\n<p>Rotular uma equipe como favorita ou azar\u00e3o n\u00e3o deve ser encarado como uma previs\u00e3o. Trata-se apenas de pontos \u00fateis para uma an\u00e1lise mais equilibrada. O senso cr\u00edtico \u00e9 importante para organizar o pensamento do apostador, evitando expectativas irreais.<\/p>\n<p>Compreenda que o futebol pode ser surpreendente e isto n\u00e3o representa nenhuma anomalia no esporte. Surpresas sem que isso represente anomalia.<\/p>\n","protected":false},"excerpt":{"rendered":"<p>Favorito ou azar\u00e3o: afinal, o que estas palavras revelam sobre um jogo? O futebol \u00e9 um esporte imprevis\u00edvel, mas pelo menos uma coisa muitas pessoas aparentemente sabem identificar: quem \u00e9 o favorito ou o &#8220;azar\u00e3o&#8221; de um confronto. S\u00e3o r\u00f3tulos colocados por jornalistas, torcedores ou pelo mercado em equipes que participar\u00e3o de uma partida. Podem [&hellip;]<\/p>\n","protected":false},"author":1,"featured_media":0,"parent":0,"menu_order":0,"comment_status":"closed","ping_status":"closed","template":"","meta":{"footnotes":""},"class_list":["post-686","page","type-page","status-publish","hentry"],"aioseo_notices":[],"_links":{"self":[{"href":"https:\/\/brasfutebol.com\/apostas\/wp-json\/wp\/v2\/pages\/686","targetHints":{"allow":["GET"]}}],"collection":[{"href":"https:\/\/brasfutebol.com\/apostas\/wp-json\/wp\/v2\/pages"}],"about":[{"href":"https:\/\/brasfutebol.com\/apostas\/wp-json\/wp\/v2\/types\/page"}],"author":[{"embeddable":true,"href":"https:\/\/brasfutebol.com\/apostas\/wp-json\/wp\/v2\/users\/1"}],"replies":[{"embeddable":true,"href":"https:\/\/brasfutebol.com\/apostas\/wp-json\/wp\/v2\/comments?post=686"}],"version-history":[{"count":1,"href":"https:\/\/brasfutebol.com\/apostas\/wp-json\/wp\/v2\/pages\/686\/revisions"}],"predecessor-version":[{"id":687,"href":"https:\/\/brasfutebol.com\/apostas\/wp-json\/wp\/v2\/pages\/686\/revisions\/687"}],"wp:attachment":[{"href":"https:\/\/brasfutebol.com\/apostas\/wp-json\/wp\/v2\/media?parent=686"}],"curies":[{"name":"wp","href":"https:\/\/api.w.org\/{rel}","templated":true}]}}